{"id":1020,"date":"2019-04-18T16:06:39","date_gmt":"2019-04-18T14:06:39","guid":{"rendered":"http:\/\/proximal-lighting.com\/?page_id=1020"},"modified":"2019-05-15T20:24:22","modified_gmt":"2019-05-15T18:24:22","slug":"led-beleuchtungsloesungen-fuer-die-reitbranche","status":"publish","type":"page","link":"http:\/\/proximal-lighting.com\/de\/","title":{"rendered":"LED-Beleuchtungsl\u00f6sungen f\u00fcr die Reitbranche"},"content":{"rendered":"<p style=\"text-align: center;\"><span style=\"color: #b7a07e;\"><strong>PROXIMAL<\/strong><\/span>&nbsp;entwirft und kommerzialisiert<br \/>\nLED-Beleuchtungen f\u00fcr den Reitsport und Reitinfrastrukturen.<\/p>\n<p style=\"text-align: center;\">Die Beleuchtungsl\u00f6sungen steigern das Wohlbefinden,<br \/>\ndie Sicherheit und das Leistungsverm\u00f6gen der Pferde.<\/p>\n<p style=\"text-align: center;\">Die Entwicklung beruht auf einer gemeinsamen Forschung von Pferdetier\u00e4rzten,<br \/>\nauf Pferde spezialisierte Verhaltensforscher und Chronobiologen, Z\u00fcchtern,<br \/>\nSportlern und dem&nbsp;<span style=\"color: #b7a07e;\"><strong>PROXIMAL<\/strong><\/span>&nbsp;TEAM, Experten in Fragen der Beleuchtung.<\/p>\n<p>&nbsp;<\/p>\n<p style=\"text-align: center;\"><a href=\"http:\/\/proximal-lighting.com\/de\/uber\/wissenschaftliche-studie-proximal-pferde-anhaenger-beleuchtung\/\" rel=\"noopener\">Siehe unsere weltweit erste Studie<\/a><\/p>\n","protected":false},"excerpt":{"rendered":"<p>PROXIMAL&nbsp;entwirft und kommerzialisiert LED-Beleuchtungen f\u00fcr den Reitsport und Reitinfrastrukturen. Die Beleuchtungsl\u00f6sungen steigern das Wohlbefinden, die Sicherheit und das Leistungsverm\u00f6gen der Pferde. Die Entwicklung beruht auf einer gemeinsamen Forschung von Pferdetier\u00e4rzten, auf Pferde spezialisierte Verhaltensforscher und Chronobiologen, Z\u00fcchtern, Sportlern und dem&nbsp;PROXIMAL&nbsp;TEAM, Experten in Fragen der Beleuchtung. &nbsp; Siehe unsere weltweit erste Studie<\/p>\n","protected":false},"author":1,"featured_media":0,"parent":0,"menu_order":0,"comment_status":"closed","ping_status":"closed","template":"template-homepage.php","meta":{"footnotes":""},"class_list":["post-1020","page","type-page","status-publish","hentry"],"_links":{"self":[{"href":"http:\/\/proximal-lighting.com\/de\/wp-json\/wp\/v2\/pages\/1020","targetHints":{"allow":["GET"]}}],"collection":[{"href":"http:\/\/proximal-lighting.com\/de\/wp-json\/wp\/v2\/pages"}],"about":[{"href":"http:\/\/proximal-lighting.com\/de\/wp-json\/wp\/v2\/types\/page"}],"author":[{"embeddable":true,"href":"http:\/\/proximal-lighting.com\/de\/wp-json\/wp\/v2\/users\/1"}],"replies":[{"embeddable":true,"href":"http:\/\/proximal-lighting.com\/de\/wp-json\/wp\/v2\/comments?post=1020"}],"version-history":[{"count":7,"href":"http:\/\/proximal-lighting.com\/de\/wp-json\/wp\/v2\/pages\/1020\/revisions"}],"predecessor-version":[{"id":1505,"href":"http:\/\/proximal-lighting.com\/de\/wp-json\/wp\/v2\/pages\/1020\/revisions\/1505"}],"wp:attachment":[{"href":"http:\/\/proximal-lighting.com\/de\/wp-json\/wp\/v2\/media?parent=1020"}],"curies":[{"name":"wp","href":"https:\/\/api.w.org\/{rel}","templated":true}]}}