{"id":989,"date":"2019-04-18T14:09:42","date_gmt":"2019-04-18T12:09:42","guid":{"rendered":"http:\/\/proximal-lighting.com\/?page_id=989"},"modified":"2019-04-22T21:31:12","modified_gmt":"2019-04-22T19:31:12","slug":"wissenschaftliche-studie-proximal-pferde-anhaenger-beleuchtung","status":"publish","type":"page","link":"http:\/\/proximal-lighting.com\/de\/uber\/wissenschaftliche-studie-proximal-pferde-anhaenger-beleuchtung\/","title":{"rendered":"Erste wissenschaftliche Studie"},"content":{"rendered":"<p><img loading=\"lazy\" decoding=\"async\" class=\"aligncenter wp-image-257 size-medium\" title=\"\u00c9tude scientifique PROXIMAL - Congr\u00e8s International des Sciences de l'\u00c9quitation 2017\" src=\"http:\/\/proximal-lighting.com\/wp-content\/uploads\/2018\/04\/image-rond-prem-etude@2x-300x300.png\" alt=\"\u00c9tude scientifique PROXIMAL - Congr\u00e8s International des Sciences de l'\u00c9quitation 2017\" width=\"300\" height=\"300\" srcset=\"http:\/\/proximal-lighting.com\/wp-content\/uploads\/2018\/04\/image-rond-prem-etude@2x-300x300.png 300w, http:\/\/proximal-lighting.com\/wp-content\/uploads\/2018\/04\/image-rond-prem-etude@2x-150x150.png 150w, http:\/\/proximal-lighting.com\/wp-content\/uploads\/2018\/04\/image-rond-prem-etude@2x.png 514w\" sizes=\"auto, (max-width: 300px) 100vw, 300px\" \/><\/p>\n<p style=\"text-align: center;\"><span style=\"color: #b7a07e;\"><strong>Unsere weltweit erste wissenschaftliche Verhaltensstudie<\/strong><\/span>, die in Zusammenarbeit mit<br \/>\n<strong>Claire Neveux<\/strong> (Ethologin f\u00fcr Pferde), durchgef\u00fchrt wurde, ist vom Ausschuss des<br \/>\nInternationalen Kongresses der ISES (International Society for Equitation Science)<br \/>\nausgezeichnet worden.<\/p>\n<p>&nbsp;<\/p>\n<p style=\"text-align: center;\"><a href=\"http:\/\/proximal-lighting.com\/de\/kontakt-led-beleuchtungsexperte-rund-ums-pferd-proximal\/\">Fordern Sie unsere Studie per Mail an<\/a><\/p>\n","protected":false},"excerpt":{"rendered":"<p>Unsere weltweit erste wissenschaftliche Verhaltensstudie, die in Zusammenarbeit mit Claire Neveux (Ethologin f\u00fcr Pferde), durchgef\u00fchrt wurde, ist vom Ausschuss des Internationalen Kongresses der ISES (International Society for Equitation Science) ausgezeichnet worden. &nbsp; Fordern Sie unsere Studie per Mail an<\/p>\n","protected":false},"author":1,"featured_media":67,"parent":987,"menu_order":0,"comment_status":"closed","ping_status":"closed","template":"template-team.php","meta":{"footnotes":""},"class_list":["post-989","page","type-page","status-publish","has-post-thumbnail","hentry"],"_links":{"self":[{"href":"http:\/\/proximal-lighting.com\/de\/wp-json\/wp\/v2\/pages\/989","targetHints":{"allow":["GET"]}}],"collection":[{"href":"http:\/\/proximal-lighting.com\/de\/wp-json\/wp\/v2\/pages"}],"about":[{"href":"http:\/\/proximal-lighting.com\/de\/wp-json\/wp\/v2\/types\/page"}],"author":[{"embeddable":true,"href":"http:\/\/proximal-lighting.com\/de\/wp-json\/wp\/v2\/users\/1"}],"replies":[{"embeddable":true,"href":"http:\/\/proximal-lighting.com\/de\/wp-json\/wp\/v2\/comments?post=989"}],"version-history":[{"count":3,"href":"http:\/\/proximal-lighting.com\/de\/wp-json\/wp\/v2\/pages\/989\/revisions"}],"predecessor-version":[{"id":1149,"href":"http:\/\/proximal-lighting.com\/de\/wp-json\/wp\/v2\/pages\/989\/revisions\/1149"}],"up":[{"embeddable":true,"href":"http:\/\/proximal-lighting.com\/de\/wp-json\/wp\/v2\/pages\/987"}],"wp:featuredmedia":[{"embeddable":true,"href":"http:\/\/proximal-lighting.com\/de\/wp-json\/wp\/v2\/media\/67"}],"wp:attachment":[{"href":"http:\/\/proximal-lighting.com\/de\/wp-json\/wp\/v2\/media?parent=989"}],"curies":[{"name":"wp","href":"https:\/\/api.w.org\/{rel}","templated":true}]}}