{"id":992,"date":"2019-04-18T14:29:28","date_gmt":"2019-04-18T12:29:28","guid":{"rendered":"http:\/\/proximal-lighting.com\/?page_id=992"},"modified":"2019-04-22T21:26:51","modified_gmt":"2019-04-22T19:26:51","slug":"uber-proximal-beleuchtung-rund-ums-pferd","status":"publish","type":"page","link":"http:\/\/proximal-lighting.com\/de\/uber\/uber-proximal-beleuchtung-rund-ums-pferd\/","title":{"rendered":"\u00dcber PROXIMAL"},"content":{"rendered":"<p style=\"text-align: center;\">Das Know-how von\u00a0<span style=\"color: #b7a07e;\"><strong>PROXIMAL\u00a0<\/strong><\/span>beruht auf der Komplementarit\u00e4t von<br \/>\nKompetenztr\u00e4gern (Beleuchtungsfachleute, Elektroniker, Pferdetier\u00e4rzte, Verhaltensforscher, &#8230;)<br \/>\ndie eine gemeinsame Leidenschaft, das Pferd, verbindet.<\/p>\n<p style=\"text-align: center;\"><span style=\"color: #b7a07e;\"><strong>PROXIMAL<\/strong><\/span>\u00a0erstellt in Frankreich und weltweit Angebote f\u00fcr Fachleute aus der Reitbranche:<\/p>\n<p style=\"text-align: center;\">\u2022 <strong>Pferdezucht\u00a0<\/strong>mit einem besonderen Schwerpunkt auf dem\u00a0<strong><span style=\"color: #b7a07e;\">Wohlbefinden<\/span><\/strong>,<br \/>\nder\u00a0<strong><span style=\"color: #b7a07e;\">Erholung<\/span><\/strong>\u00a0der Pferde und dem optimalen<strong>\u00a0<span style=\"color: #b7a07e;\">Einsatz der Fotostimulation<\/span><\/strong>.<\/p>\n<p style=\"text-align: center;\">\u2022 <strong>Training der Pferde und Vorbereitung auf Wettbewerbe,<br \/>\n<\/strong>wobei den Pferden bestm\u00f6gliche Bedingungen geboten werden,\u00a0<strong><span style=\"color: #b7a07e;\">um Komfort<\/span><\/strong>,<br \/>\n<strong><span style=\"color: #b7a07e;\">Konzentration<\/span><\/strong>\u00a0und das\u00a0<strong><span style=\"color: #b7a07e;\">Leistungsverm\u00f6gen<\/span><\/strong>\u00a0der Pferde zu optimieren.<\/p>\n<p style=\"text-align: center;\">\u2022 <strong>Pferdetransport\u00a0<\/strong>mit L\u00f6sungen zur Verbesserung der\u00a0<strong><span style=\"color: #b7a07e;\">Sicherheit<\/span><\/strong>\u00a0der Pferde<br \/>\nbeim Einstieg und ihrer\u00a0<strong><span style=\"color: #b7a07e;\">Entspannung\u00a0<\/span><\/strong>w\u00e4hrend der Reisen.<\/p>\n<p>&nbsp;<\/p>\n<p style=\"text-align: center;\"><a href=\"http:\/\/proximal-lighting.com\/de\/beleuchtungen-rund-ums-pferd-proximal\/beleuchtung-rund-ums-pferd\/\" rel=\"noopener\">Beleuchtung f\u00fcr Pferde<\/a><\/p>\n","protected":false},"excerpt":{"rendered":"<p>Das Know-how von\u00a0PROXIMAL\u00a0beruht auf der Komplementarit\u00e4t von Kompetenztr\u00e4gern (Beleuchtungsfachleute, Elektroniker, Pferdetier\u00e4rzte, Verhaltensforscher, &#8230;) die eine gemeinsame Leidenschaft, das Pferd, verbindet. PROXIMAL\u00a0erstellt in Frankreich und weltweit Angebote f\u00fcr Fachleute aus der Reitbranche: \u2022 Pferdezucht\u00a0mit einem besonderen Schwerpunkt auf dem\u00a0Wohlbefinden, der\u00a0Erholung\u00a0der Pferde und dem optimalen\u00a0Einsatz der Fotostimulation. \u2022 Training der Pferde und Vorbereitung auf Wettbewerbe, wobei den [&hellip;]<\/p>\n","protected":false},"author":1,"featured_media":67,"parent":987,"menu_order":0,"comment_status":"closed","ping_status":"closed","template":"template-about.php","meta":{"footnotes":""},"class_list":["post-992","page","type-page","status-publish","has-post-thumbnail","hentry"],"_links":{"self":[{"href":"http:\/\/proximal-lighting.com\/de\/wp-json\/wp\/v2\/pages\/992","targetHints":{"allow":["GET"]}}],"collection":[{"href":"http:\/\/proximal-lighting.com\/de\/wp-json\/wp\/v2\/pages"}],"about":[{"href":"http:\/\/proximal-lighting.com\/de\/wp-json\/wp\/v2\/types\/page"}],"author":[{"embeddable":true,"href":"http:\/\/proximal-lighting.com\/de\/wp-json\/wp\/v2\/users\/1"}],"replies":[{"embeddable":true,"href":"http:\/\/proximal-lighting.com\/de\/wp-json\/wp\/v2\/comments?post=992"}],"version-history":[{"count":3,"href":"http:\/\/proximal-lighting.com\/de\/wp-json\/wp\/v2\/pages\/992\/revisions"}],"predecessor-version":[{"id":1147,"href":"http:\/\/proximal-lighting.com\/de\/wp-json\/wp\/v2\/pages\/992\/revisions\/1147"}],"up":[{"embeddable":true,"href":"http:\/\/proximal-lighting.com\/de\/wp-json\/wp\/v2\/pages\/987"}],"wp:featuredmedia":[{"embeddable":true,"href":"http:\/\/proximal-lighting.com\/de\/wp-json\/wp\/v2\/media\/67"}],"wp:attachment":[{"href":"http:\/\/proximal-lighting.com\/de\/wp-json\/wp\/v2\/media?parent=992"}],"curies":[{"name":"wp","href":"https:\/\/api.w.org\/{rel}","templated":true}]}}