{"id":1003,"date":"2019-04-18T15:06:29","date_gmt":"2019-04-18T13:06:29","guid":{"rendered":"http:\/\/proximal-lighting.com\/?page_id=1003"},"modified":"2019-04-22T21:10:47","modified_gmt":"2019-04-22T19:10:47","slug":"rechtliche-hinweise-proximal","status":"publish","type":"page","link":"https:\/\/proximal-lighting.com\/de\/rechtliche-hinweise-proximal\/","title":{"rendered":"RECHTLICHE HINWEISE"},"content":{"rendered":"<p class=\"lead\"><strong>Eigentum<\/strong><\/p>\n<p>Vorliegende Webseite ist Eigentum der PROXIMAL SAS mit Firmensitz in NORMANDIE INCUBATION &#8211; 17 rue Claude Bloch, 14000 Caen (France).<\/p>\n<p><strong>Web-Design<\/strong><\/p>\n<p>Askforlucile<\/p>\n<p>Internetseite:\u00a0<a href=\"http:\/\/www.askforlucile.fr\/\" target=\"_blank\" rel=\"noopener\">http:\/\/www.askforlucile.fr\/<\/a><\/p>\n<p><strong>Herausgeber<\/strong><\/p>\n<p>PROXIMAL SAS<\/p>\n<p>Sie k\u00f6nnen uns per Mail kontaktieren: <a href=\"mailto:contact@proximal-lighting.com\" target=\"_blank\" rel=\"noopener\">contact@proximal-lighting.com<\/a><\/p>\n<p><strong>Urheberrechte<\/strong><\/p>\n<p>In Anwendung des franz\u00f6sischen Gesetzes zum Geistigen Eigentum und allgemeiner der internationalen Vertr\u00e4ge und Abkommen im Hinblick auf die Bestimmungen zum Urheberrecht ist jegliche Vervielf\u00e4ltigung, Darstellung, \u00c4nderung, Ver\u00f6ffentlichung, Ab\u00e4nderung der gesamten oder Teile der Webseite oder deren Inhaltes, gleich in welcher Form und gleich auf welchem Tr\u00e4ger, ohne die vorherige schriftliche Zustimmung der PROXIMAL SAS verboten.<\/p>\n<p>F\u00fcr jede unzul\u00e4ssige Nutzung der Website oder ihres Inhaltes und der darin enthaltenen Informationen haftet der Benutzer; eine solche Nutzung gilt als F\u00e4lschung, die gem\u00e4\u00df den Artikeln<br \/>\nL 335-2 und folgende des Gesetzes zum Geistigen Eigentum geahndet werden.<br \/>\nDies gilt ebenfalls f\u00fcr Datenbanken, die sich ggf. auf der Webseite\u00a0<a href=\"http:\/\/www.proximal-lighting.com\" target=\"_blank\" rel=\"noopener\">www.proximal-lighting.com<\/a>\u00a0befinden und den Bestimmungen des Gesetzes vom 1. Juli 1998 zur vollst\u00e4ndigen \u00dcbernahme der Europ\u00e4ischen Richtlinie vom 11. M\u00e4rz 1996 zum juristischen Schutz der Datenbanken in das franz\u00f6sische Gesetz zum Geistigen Eigentum unterliegen. In diesem Sinne haftet der Benutzer f\u00fcr jede Vervielf\u00e4ltigung oder jede Datenentnahme.<\/p>\n<p><strong>Franz\u00f6sische Gesetzgebung im Hinblick auf das Zugangsrecht auf Datenbanken<\/strong><\/p>\n<p>Dies gilt ebenfalls f\u00fcr Datenbanken, die sich ggf. auf der Webseite www.proximal-lighting.com befinden und den Bestimmungen des Gesetzes vom 1. Juli 1998 zur vollst\u00e4ndigen \u00dcbernahme der Europ\u00e4ischen Richtlinie vom 11. M\u00e4rz 1996 zum juristischen Schutz der Datenbanken in das franz\u00f6sische Gesetz zum Geistigen Eigentum unterliegen. In diesem Sinne haftet der Benutzer f\u00fcr jede Vervielf\u00e4ltigung oder jede Datenentnahme.<\/p>\n<p><strong>Haftungsausschluss<\/strong><\/p>\n<p>Auch wenn wir alles daran setzen, um die Zuverl\u00e4ssigkeit der auf dieser Internetseite enthaltenen Informationen zu gew\u00e4hrleisten, kann PROXIMAL SAS nicht f\u00fcr Fehler, Auslassungen oder Ergebnisse, die durch die Nutzung dieser Informationen erhalten werden, zur Haftung herangezogen werden.<br \/>\nPROXIMAL SAS ist im Hinblick auf die Informationen, die sie Personen, die Zugang zu seiner Webseite haben, zur Verf\u00fcgung stellt, nur durch eine Mittelverpflichtung gebunden.<br \/>\nIm \u00dcbrigen kann die Nutzung von Hyperlinks Sie auf die Webseiten anderer Server leiten, \u00fcber die PROXIMAL SAS keine Kontrolle hat.<\/p>\n<p><strong>Zugang zur Internetseite<\/strong><\/p>\n<p>Der Zugang zur Internseite ist rund um die Uhr an 7 Tagen pro Woche m\u00f6glich, ausgenommen eines Falles h\u00f6herer Gewalt oder eines Ereignisses au\u00dferhalb des Einflussbereiches von PROXIMAL SAS und unter Vorbehalt eventueller Pannen oder einer f\u00fcr das reibungslose Funktionieren der Webseite und der dazugeh\u00f6rigen Ausr\u00fcstungen erforderlichen Wartung. Der Zugang zum Dienst erfolgt \u00fcber einen PC oder ein mobiles Ger\u00e4t, das an ein Telekommunikationsnetz angeschlossen ist, welches den Zugang zur Seite gem\u00e4\u00df den f\u00fcr das Internet verwendeten Kommunikationsprotokollen erm\u00f6glicht.<\/p>\n","protected":false},"excerpt":{"rendered":"<p>Eigentum Vorliegende Webseite ist Eigentum der PROXIMAL SAS mit Firmensitz in NORMANDIE INCUBATION &#8211; 17 rue Claude Bloch, 14000 Caen (France). Web-Design Askforlucile Internetseite:\u00a0http:\/\/www.askforlucile.fr\/ Herausgeber PROXIMAL SAS Sie k\u00f6nnen uns per Mail kontaktieren: contact@proximal-lighting.com Urheberrechte In Anwendung des franz\u00f6sischen Gesetzes zum Geistigen Eigentum und allgemeiner der internationalen Vertr\u00e4ge und Abkommen im Hinblick auf die Bestimmungen [&hellip;]<\/p>\n","protected":false},"author":1,"featured_media":67,"parent":0,"menu_order":0,"comment_status":"closed","ping_status":"closed","template":"","meta":{"footnotes":""},"class_list":["post-1003","page","type-page","status-publish","has-post-thumbnail","hentry"],"_links":{"self":[{"href":"https:\/\/proximal-lighting.com\/de\/wp-json\/wp\/v2\/pages\/1003","targetHints":{"allow":["GET"]}}],"collection":[{"href":"https:\/\/proximal-lighting.com\/de\/wp-json\/wp\/v2\/pages"}],"about":[{"href":"https:\/\/proximal-lighting.com\/de\/wp-json\/wp\/v2\/types\/page"}],"author":[{"embeddable":true,"href":"https:\/\/proximal-lighting.com\/de\/wp-json\/wp\/v2\/users\/1"}],"replies":[{"embeddable":true,"href":"https:\/\/proximal-lighting.com\/de\/wp-json\/wp\/v2\/comments?post=1003"}],"version-history":[{"count":1,"href":"https:\/\/proximal-lighting.com\/de\/wp-json\/wp\/v2\/pages\/1003\/revisions"}],"predecessor-version":[{"id":1004,"href":"https:\/\/proximal-lighting.com\/de\/wp-json\/wp\/v2\/pages\/1003\/revisions\/1004"}],"wp:featuredmedia":[{"embeddable":true,"href":"https:\/\/proximal-lighting.com\/de\/wp-json\/wp\/v2\/media\/67"}],"wp:attachment":[{"href":"https:\/\/proximal-lighting.com\/de\/wp-json\/wp\/v2\/media?parent=1003"}],"curies":[{"name":"wp","href":"https:\/\/api.w.org\/{rel}","templated":true}]}}