{"id":1011,"date":"2019-04-18T15:41:56","date_gmt":"2019-04-18T13:41:56","guid":{"rendered":"http:\/\/proximal-lighting.com\/?page_id=1011"},"modified":"2019-05-08T14:43:31","modified_gmt":"2019-05-08T12:43:31","slug":"grundlagen-des-lichts","status":"publish","type":"page","link":"https:\/\/proximal-lighting.com\/de\/wissenschaft-und-technologie\/grundlagen-des-lichts\/","title":{"rendered":"Grundlagen des Lichts"},"content":{"rendered":"<p style=\"text-align: center;\">Licht ist eine elektromagnetische Welle, die sich in Raum und Zeit ausbreitet.<br \/>\nDas sichtbare Licht befindet sich in einem schmalen Segment auf dem Spektrum<br \/>\nder elektromagnetischen Strahlung, die Radio-, Radar-, Mikrowellen, Infrarot-, Ultraviolett- und R\u00f6ntgenstrahlen \u00e4hnelt.<\/p>\n<p style=\"text-align: center;\">Licht kann als jede Strahlung definiert werden, die eine sichtbare Empfindung hervorruft.<br \/>\nDie Lichtwelle wird durch ihre Amplitude und Wellenl\u00e4nge bestimmt (siehe Abb. 1)<\/p>\n<figure id=\"attachment_1191\" aria-describedby=\"caption-attachment-1191\" style=\"width: 700px\" class=\"wp-caption aligncenter\"><img loading=\"lazy\" decoding=\"async\" class=\"wp-image-1191\" title=\" PROXIMAL: Equine LED Beleuchtung - Lichtwelle\" src=\"http:\/\/proximal-lighting.com\/wp-content\/uploads\/2019\/05\/190429-03_Plan-de-travail-1-1024x556.png\" alt=\"\" width=\"700\" height=\"380\" srcset=\"https:\/\/proximal-lighting.com\/wp-content\/uploads\/2019\/05\/190429-03_Plan-de-travail-1-1024x556.png 1024w, https:\/\/proximal-lighting.com\/wp-content\/uploads\/2019\/05\/190429-03_Plan-de-travail-1-300x163.png 300w, https:\/\/proximal-lighting.com\/wp-content\/uploads\/2019\/05\/190429-03_Plan-de-travail-1-768x417.png 768w\" sizes=\"auto, (max-width: 700px) 100vw, 700px\" \/><figcaption id=\"caption-attachment-1191\" class=\"wp-caption-text\">Abb.1<\/figcaption><\/figure>\n<figure id=\"attachment_1210\" aria-describedby=\"caption-attachment-1210\" style=\"width: 700px\" class=\"wp-caption aligncenter\"><img loading=\"lazy\" decoding=\"async\" class=\"wp-image-1210\" title=\" PROXIMAL: Equine LED-Beleuchtung - sichtbares Lichtspektrum\" src=\"http:\/\/proximal-lighting.com\/wp-content\/uploads\/2019\/05\/DE_Groupe-105@2x-1-768x413.jpg\" alt=\"PROXIMAL : \u00e9clairage LED \u00e9quin - Spectre visible de la lumi\u00e8re \" width=\"700\" height=\"376\" srcset=\"https:\/\/proximal-lighting.com\/wp-content\/uploads\/2019\/05\/DE_Groupe-105@2x-1-768x413.jpg 768w, https:\/\/proximal-lighting.com\/wp-content\/uploads\/2019\/05\/DE_Groupe-105@2x-1-768x413-300x161.jpg 300w\" sizes=\"auto, (max-width: 700px) 100vw, 700px\" \/><figcaption id=\"caption-attachment-1210\" class=\"wp-caption-text\">Abb.2 \u2013 Sichtbares Lichtspektrum (Quelle: Dissertation \u00ab Charakterisierung der Farbwiedergabe neuer Lichtquellen: Leuchtdioden\u201c \u2013 Dr Nicolas POUSSET)<\/figcaption><\/figure>\n<p style=\"text-align: center;\"><a href=\"http:\/\/proximal-lighting.com\/de\/kontakt-led-beleuchtungsexperte-rund-ums-pferd-proximal\/\">Kontaktieren Sie uns<\/a><\/p>\n","protected":false},"excerpt":{"rendered":"<p>Licht ist eine elektromagnetische Welle, die sich in Raum und Zeit ausbreitet. Das sichtbare Licht befindet sich in einem schmalen Segment auf dem Spektrum der elektromagnetischen Strahlung, die Radio-, Radar-, Mikrowellen, Infrarot-, Ultraviolett- und R\u00f6ntgenstrahlen \u00e4hnelt. Licht kann als jede Strahlung definiert werden, die eine sichtbare Empfindung hervorruft. Die Lichtwelle wird durch ihre Amplitude und [&hellip;]<\/p>\n","protected":false},"author":1,"featured_media":67,"parent":1009,"menu_order":0,"comment_status":"closed","ping_status":"closed","template":"template-fundamentals.php","meta":{"footnotes":""},"class_list":["post-1011","page","type-page","status-publish","has-post-thumbnail","hentry"],"_links":{"self":[{"href":"https:\/\/proximal-lighting.com\/de\/wp-json\/wp\/v2\/pages\/1011","targetHints":{"allow":["GET"]}}],"collection":[{"href":"https:\/\/proximal-lighting.com\/de\/wp-json\/wp\/v2\/pages"}],"about":[{"href":"https:\/\/proximal-lighting.com\/de\/wp-json\/wp\/v2\/types\/page"}],"author":[{"embeddable":true,"href":"https:\/\/proximal-lighting.com\/de\/wp-json\/wp\/v2\/users\/1"}],"replies":[{"embeddable":true,"href":"https:\/\/proximal-lighting.com\/de\/wp-json\/wp\/v2\/comments?post=1011"}],"version-history":[{"count":7,"href":"https:\/\/proximal-lighting.com\/de\/wp-json\/wp\/v2\/pages\/1011\/revisions"}],"predecessor-version":[{"id":1213,"href":"https:\/\/proximal-lighting.com\/de\/wp-json\/wp\/v2\/pages\/1011\/revisions\/1213"}],"up":[{"embeddable":true,"href":"https:\/\/proximal-lighting.com\/de\/wp-json\/wp\/v2\/pages\/1009"}],"wp:featuredmedia":[{"embeddable":true,"href":"https:\/\/proximal-lighting.com\/de\/wp-json\/wp\/v2\/media\/67"}],"wp:attachment":[{"href":"https:\/\/proximal-lighting.com\/de\/wp-json\/wp\/v2\/media?parent=1011"}],"curies":[{"name":"wp","href":"https:\/\/api.w.org\/{rel}","templated":true}]}}