{"id":1014,"date":"2019-04-18T15:51:54","date_gmt":"2019-04-18T13:51:54","guid":{"rendered":"http:\/\/proximal-lighting.com\/?page_id=1014"},"modified":"2019-04-22T20:55:50","modified_gmt":"2019-04-22T18:55:50","slug":"led-technologie","status":"publish","type":"page","link":"https:\/\/proximal-lighting.com\/de\/wissenschaft-und-technologie\/led-technologie\/","title":{"rendered":"LED-Technologie"},"content":{"rendered":"<p style=\"text-align: center;\" data-mce-style=\"text-align: center;\"><img loading=\"lazy\" decoding=\"async\" class=\"alignnone wp-image-266 size-medium\" title=\"PROXIMAL : \u00e9clairage \u00e9quin - Technologie LED\" src=\"http:\/\/proximal-lighting.com\/wp-content\/uploads\/2018\/04\/image-rond-tech-led@2x-300x300.png\" alt=\"PROXIMAL : \u00e9clairage \u00e9quin - Technologie LED\" width=\"300\" height=\"300\" data-mce-src=\"http:\/\/proximal-lighting.com\/wp-content\/uploads\/2018\/04\/image-rond-tech-led@2x-300x300.png\" srcset=\"https:\/\/proximal-lighting.com\/wp-content\/uploads\/2018\/04\/image-rond-tech-led@2x-300x300.png 300w, https:\/\/proximal-lighting.com\/wp-content\/uploads\/2018\/04\/image-rond-tech-led@2x-150x150.png 150w, https:\/\/proximal-lighting.com\/wp-content\/uploads\/2018\/04\/image-rond-tech-led@2x.png 514w\" sizes=\"auto, (max-width: 300px) 100vw, 300px\" \/><\/p>\n<p style=\"text-align: center;\" data-mce-style=\"text-align: center;\">Die Anf\u00e4nge der LED-Technologie (Light Emitting Diode) gehen auf die<br \/>Industrie der Signalanwendungen (Leuchtschilder) in den 70er Jahren zur\u00fcck.<br \/>Seit dem Jahr 2000 findet diese Technologie eine breite Anwendung f\u00fcr Beleuchtungen aller Art.<\/p>\n<p style=\"text-align: center;\" data-mce-style=\"text-align: center;\">Die LED ist einfach gesagt ein <strong>Halbleiter<\/strong>,&nbsp;an dem elektrische<br \/>Spannung angelegt wird und der&nbsp;<strong>Photonen<\/strong>&nbsp;verschiedener Wellenl\u00e4ngen emittiert.<\/p>\n<p style=\"text-align: center;\" data-mce-style=\"text-align: center;\">Das f\u00fcr das menschliche Auge sichtbare Ergebnis<br \/>ist eine wei\u00dfe Beleuchtung bei wei\u00dfen LED.<\/p>\n<p><\/p>\n<p style=\"text-align: center;\" data-mce-style=\"text-align: center;\"><a href=\"\/contact\/\" data-mce-href=\"\/contact\/\">Kontaktieren Sie uns<\/a><\/p>\n","protected":false},"excerpt":{"rendered":"<p>Die Anf\u00e4nge der LED-Technologie (Light Emitting Diode) gehen auf dieIndustrie der Signalanwendungen (Leuchtschilder) in den 70er Jahren zur\u00fcck.Seit dem Jahr 2000 findet diese Technologie eine breite Anwendung f\u00fcr Beleuchtungen aller Art. Die LED ist einfach gesagt ein Halbleiter,&nbsp;an dem elektrischeSpannung angelegt wird und der&nbsp;Photonen&nbsp;verschiedener Wellenl\u00e4ngen emittiert. Das f\u00fcr das menschliche Auge sichtbare Ergebnisist eine wei\u00dfe [&hellip;]<\/p>\n","protected":false},"author":1,"featured_media":67,"parent":1009,"menu_order":0,"comment_status":"closed","ping_status":"closed","template":"template-technology.php","meta":{"footnotes":""},"class_list":["post-1014","page","type-page","status-publish","has-post-thumbnail","hentry"],"_links":{"self":[{"href":"https:\/\/proximal-lighting.com\/de\/wp-json\/wp\/v2\/pages\/1014","targetHints":{"allow":["GET"]}}],"collection":[{"href":"https:\/\/proximal-lighting.com\/de\/wp-json\/wp\/v2\/pages"}],"about":[{"href":"https:\/\/proximal-lighting.com\/de\/wp-json\/wp\/v2\/types\/page"}],"author":[{"embeddable":true,"href":"https:\/\/proximal-lighting.com\/de\/wp-json\/wp\/v2\/users\/1"}],"replies":[{"embeddable":true,"href":"https:\/\/proximal-lighting.com\/de\/wp-json\/wp\/v2\/comments?post=1014"}],"version-history":[{"count":3,"href":"https:\/\/proximal-lighting.com\/de\/wp-json\/wp\/v2\/pages\/1014\/revisions"}],"predecessor-version":[{"id":1158,"href":"https:\/\/proximal-lighting.com\/de\/wp-json\/wp\/v2\/pages\/1014\/revisions\/1158"}],"up":[{"embeddable":true,"href":"https:\/\/proximal-lighting.com\/de\/wp-json\/wp\/v2\/pages\/1009"}],"wp:featuredmedia":[{"embeddable":true,"href":"https:\/\/proximal-lighting.com\/de\/wp-json\/wp\/v2\/media\/67"}],"wp:attachment":[{"href":"https:\/\/proximal-lighting.com\/de\/wp-json\/wp\/v2\/media?parent=1014"}],"curies":[{"name":"wp","href":"https:\/\/api.w.org\/{rel}","templated":true}]}}