{"id":997,"date":"2019-04-18T14:41:17","date_gmt":"2019-04-18T12:41:17","guid":{"rendered":"http:\/\/proximal-lighting.com\/?page_id=997"},"modified":"2019-05-11T10:06:08","modified_gmt":"2019-05-11T08:06:08","slug":"beleuchtungsstudie-reitanlagen","status":"publish","type":"page","link":"https:\/\/proximal-lighting.com\/de\/beleuchtungen-rund-ums-pferd-proximal\/beleuchtungsstudie-reitanlagen\/","title":{"rendered":"Eine Studie anfragen"},"content":{"rendered":"<p style=\"text-align: center;\">Eine auf den Bedarf unserer Kunden (Renovierung,<br \/>\nNeubau, Konformit\u00e4tserhalt&#8230;) zugeschnittene Beleuchtungsstudie f\u00fcr alle betroffenen<br \/>\nBereiche wird nach strengen Vorgaben durchgef\u00fchrt und umfasst einen detaillierten Bericht mit<br \/>\nAufma\u00df, 3D-Simulationen, eine technisch-wirtschaftliche Aufstellung und Empfehlungen.<\/p>\n<p style=\"text-align: center;\"><a href=\"http:\/\/proximal-lighting.com\/wp-content\/uploads\/PROXIMAL-Presentation-FR.pdf\" target=\"_blank\" rel=\"noopener noreferrer\">PROXIMAL-Gutachten<\/a><\/p>\n<p><img loading=\"lazy\" decoding=\"async\" class=\"alignnone wp-image-1223 size-full\" src=\"http:\/\/proximal-lighting.com\/wp-content\/uploads\/2019\/05\/image-demandez-une-etude@2x-de.png\" alt=\"\" width=\"1121\" height=\"479\" srcset=\"https:\/\/proximal-lighting.com\/wp-content\/uploads\/2019\/05\/image-demandez-une-etude@2x-de.png 1121w, https:\/\/proximal-lighting.com\/wp-content\/uploads\/2019\/05\/image-demandez-une-etude@2x-de-300x128.png 300w, https:\/\/proximal-lighting.com\/wp-content\/uploads\/2019\/05\/image-demandez-une-etude@2x-de-768x328.png 768w, https:\/\/proximal-lighting.com\/wp-content\/uploads\/2019\/05\/image-demandez-une-etude@2x-de-1024x438.png 1024w\" sizes=\"auto, (max-width: 1121px) 100vw, 1121px\" \/><\/p>\n","protected":false},"excerpt":{"rendered":"<p>Eine auf den Bedarf unserer Kunden (Renovierung, Neubau, Konformit\u00e4tserhalt&#8230;) zugeschnittene Beleuchtungsstudie f\u00fcr alle betroffenen Bereiche wird nach strengen Vorgaben durchgef\u00fchrt und umfasst einen detaillierten Bericht mit Aufma\u00df, 3D-Simulationen, eine technisch-wirtschaftliche Aufstellung und Empfehlungen. PROXIMAL-Gutachten<\/p>\n","protected":false},"author":1,"featured_media":67,"parent":995,"menu_order":0,"comment_status":"closed","ping_status":"closed","template":"template-simple.php","meta":{"footnotes":""},"class_list":["post-997","page","type-page","status-publish","has-post-thumbnail","hentry"],"_links":{"self":[{"href":"https:\/\/proximal-lighting.com\/de\/wp-json\/wp\/v2\/pages\/997","targetHints":{"allow":["GET"]}}],"collection":[{"href":"https:\/\/proximal-lighting.com\/de\/wp-json\/wp\/v2\/pages"}],"about":[{"href":"https:\/\/proximal-lighting.com\/de\/wp-json\/wp\/v2\/types\/page"}],"author":[{"embeddable":true,"href":"https:\/\/proximal-lighting.com\/de\/wp-json\/wp\/v2\/users\/1"}],"replies":[{"embeddable":true,"href":"https:\/\/proximal-lighting.com\/de\/wp-json\/wp\/v2\/comments?post=997"}],"version-history":[{"count":3,"href":"https:\/\/proximal-lighting.com\/de\/wp-json\/wp\/v2\/pages\/997\/revisions"}],"predecessor-version":[{"id":1225,"href":"https:\/\/proximal-lighting.com\/de\/wp-json\/wp\/v2\/pages\/997\/revisions\/1225"}],"up":[{"embeddable":true,"href":"https:\/\/proximal-lighting.com\/de\/wp-json\/wp\/v2\/pages\/995"}],"wp:featuredmedia":[{"embeddable":true,"href":"https:\/\/proximal-lighting.com\/de\/wp-json\/wp\/v2\/media\/67"}],"wp:attachment":[{"href":"https:\/\/proximal-lighting.com\/de\/wp-json\/wp\/v2\/media?parent=997"}],"curies":[{"name":"wp","href":"https:\/\/api.w.org\/{rel}","templated":true}]}}