{"id":999,"date":"2019-04-18T14:51:43","date_gmt":"2019-04-18T12:51:43","guid":{"rendered":"http:\/\/proximal-lighting.com\/?page_id=999"},"modified":"2019-05-09T16:43:42","modified_gmt":"2019-05-09T14:43:42","slug":"beleuchtung-rund-ums-pferd","status":"publish","type":"page","link":"https:\/\/proximal-lighting.com\/de\/beleuchtungen-rund-ums-pferd-proximal\/beleuchtung-rund-ums-pferd\/","title":{"rendered":"Beleuchtung rund ums Pferd"},"content":{"rendered":"<p style=\"text-align: center;\"><img loading=\"lazy\" decoding=\"async\" class=\"alignnone wp-image-268 size-medium\" title=\"PROXIMAL - Eclairage des infrastructures \u00e9questres (man\u00e8ges, carri\u00e8res, boxes, v\u00e9hicules de transport \u00e9quin, cliniques v\u00e9t\u00e9rinaires \u00e9quines)\" src=\"http:\/\/proximal-lighting.com\/wp-content\/uploads\/2018\/04\/image-rond@2x-300x300.png\" alt=\"PROXIMAL - Eclairage des infrastructures \u00e9questres (man\u00e8ges, carri\u00e8res, boxes, v\u00e9hicules de transport \u00e9quin, cliniques v\u00e9t\u00e9rinaires \u00e9quines)\" width=\"300\" height=\"300\" srcset=\"https:\/\/proximal-lighting.com\/wp-content\/uploads\/2018\/04\/image-rond@2x-300x300.png 300w, https:\/\/proximal-lighting.com\/wp-content\/uploads\/2018\/04\/image-rond@2x-150x150.png 150w, https:\/\/proximal-lighting.com\/wp-content\/uploads\/2018\/04\/image-rond@2x.png 514w\" sizes=\"auto, (max-width: 300px) 100vw, 300px\" \/><\/p>\n<p style=\"text-align: center;\">Reitanlagen sind in der Mehrzahl mit konventionellen Beleuchtungen<br \/>\n(Leuchtsstoffr\u00f6hren, \u00c9ntladungslampen&#8230;) ausgestattet:<\/p>\n<p style=\"text-align: center;\"><strong><span style=\"color: #b7a07e;\">Die genannten Technologien<\/span><\/strong> bieten aber nicht genug Flexibilit\u00e4t,<br \/>\num die Beleuchtung an die Sicht des Pferdes<br \/>\nund sein Verhalten anzupassen.<\/p>\n<p style=\"text-align: center;\"><strong><span style=\"color: #b7a07e;\">Der Stromverbrauch<\/span><\/strong>\u00a0und die Lebensdauer (Wartung)<br \/>\nsind zudem ein erheblicher Posten im Betriebsbudget der Strukturen.<\/p>\n<p style=\"text-align: center;\"><a href=\"http:\/\/proximal-lighting.com\/de\/kontakt-led-beleuchtungsexperte-rund-ums-pferd-proximal\/\">Kontaktieren Sie uns<\/a><\/p>\n","protected":false},"excerpt":{"rendered":"<p>Reitanlagen sind in der Mehrzahl mit konventionellen Beleuchtungen (Leuchtsstoffr\u00f6hren, \u00c9ntladungslampen&#8230;) ausgestattet: Die genannten Technologien bieten aber nicht genug Flexibilit\u00e4t, um die Beleuchtung an die Sicht des Pferdes und sein Verhalten anzupassen. Der Stromverbrauch\u00a0und die Lebensdauer (Wartung) sind zudem ein erheblicher Posten im Betriebsbudget der Strukturen. Kontaktieren Sie uns<\/p>\n","protected":false},"author":1,"featured_media":1228,"parent":995,"menu_order":0,"comment_status":"closed","ping_status":"closed","template":"template-howitworks.php","meta":{"footnotes":""},"class_list":["post-999","page","type-page","status-publish","has-post-thumbnail","hentry"],"_links":{"self":[{"href":"https:\/\/proximal-lighting.com\/de\/wp-json\/wp\/v2\/pages\/999","targetHints":{"allow":["GET"]}}],"collection":[{"href":"https:\/\/proximal-lighting.com\/de\/wp-json\/wp\/v2\/pages"}],"about":[{"href":"https:\/\/proximal-lighting.com\/de\/wp-json\/wp\/v2\/types\/page"}],"author":[{"embeddable":true,"href":"https:\/\/proximal-lighting.com\/de\/wp-json\/wp\/v2\/users\/1"}],"replies":[{"embeddable":true,"href":"https:\/\/proximal-lighting.com\/de\/wp-json\/wp\/v2\/comments?post=999"}],"version-history":[{"count":5,"href":"https:\/\/proximal-lighting.com\/de\/wp-json\/wp\/v2\/pages\/999\/revisions"}],"predecessor-version":[{"id":1219,"href":"https:\/\/proximal-lighting.com\/de\/wp-json\/wp\/v2\/pages\/999\/revisions\/1219"}],"up":[{"embeddable":true,"href":"https:\/\/proximal-lighting.com\/de\/wp-json\/wp\/v2\/pages\/995"}],"wp:featuredmedia":[{"embeddable":true,"href":"https:\/\/proximal-lighting.com\/de\/wp-json\/wp\/v2\/media\/1228"}],"wp:attachment":[{"href":"https:\/\/proximal-lighting.com\/de\/wp-json\/wp\/v2\/media?parent=999"}],"curies":[{"name":"wp","href":"https:\/\/api.w.org\/{rel}","templated":true}]}}